{"id":946,"date":"2023-09-21T13:50:45","date_gmt":"2023-09-21T11:50:45","guid":{"rendered":"http:\/\/www.jlcourty.com\/Famille\/?page_id=946"},"modified":"2023-09-26T17:50:52","modified_gmt":"2023-09-26T15:50:52","slug":"objets-de-la-maison-de-grauves","status":"publish","type":"page","link":"https:\/\/www.jlcourty.com\/Famille\/","title":{"rendered":"Objets de la Maison de Grauves"},"content":{"rendered":"\n<p>Comme vous le savez, la maison de Grauves est \u00e0 vendre.<br>Les meubles et objets vont \u00eatre distribu\u00e9s.<\/p>\n","protected":false},"excerpt":{"rendered":"<p>Comme vous le savez, la maison de Grauves est \u00e0 vendre.Les meubles et objets vont \u00eatre distribu\u00e9s.<\/p>\n","protected":false},"author":1,"featured_media":0,"parent":0,"menu_order":0,"comment_status":"closed","ping_status":"closed","template":"","meta":{"footnotes":""},"class_list":["post-946","page","type-page","status-publish","hentry"],"_links":{"self":[{"href":"https:\/\/www.jlcourty.com\/Famille\/index.php\/wp-json\/wp\/v2\/pages\/946","targetHints":{"allow":["GET"]}}],"collection":[{"href":"https:\/\/www.jlcourty.com\/Famille\/index.php\/wp-json\/wp\/v2\/pages"}],"about":[{"href":"https:\/\/www.jlcourty.com\/Famille\/index.php\/wp-json\/wp\/v2\/types\/page"}],"author":[{"embeddable":true,"href":"https:\/\/www.jlcourty.com\/Famille\/index.php\/wp-json\/wp\/v2\/users\/1"}],"replies":[{"embeddable":true,"href":"https:\/\/www.jlcourty.com\/Famille\/index.php\/wp-json\/wp\/v2\/comments?post=946"}],"version-history":[{"count":8,"href":"https:\/\/www.jlcourty.com\/Famille\/index.php\/wp-json\/wp\/v2\/pages\/946\/revisions"}],"predecessor-version":[{"id":1120,"href":"https:\/\/www.jlcourty.com\/Famille\/index.php\/wp-json\/wp\/v2\/pages\/946\/revisions\/1120"}],"wp:attachment":[{"href":"https:\/\/www.jlcourty.com\/Famille\/index.php\/wp-json\/wp\/v2\/media?parent=946"}],"curies":[{"name":"wp","href":"https:\/\/api.w.org\/{rel}","templated":true}]}}